{"id":358,"date":"2025-02-05T04:24:56","date_gmt":"2025-02-05T04:24:56","guid":{"rendered":"https:\/\/akdesignstore.com\/?post_type=product&#038;p=358"},"modified":"2025-08-23T03:49:33","modified_gmt":"2025-08-23T03:49:33","slug":"el-salvador","status":"publish","type":"product","link":"https:\/\/akdesignstore.com\/es\/producto\/el-salvador\/","title":{"rendered":"Dise\u00f1o El Salvador"},"content":{"rendered":"<p>Muestra tu orgullo salvadore\u00f1o con esta exclusiva <strong>Camiseta inspirada en El Salvador<\/strong>, dise\u00f1ado para brindar comodidad y estilo. Con un gr\u00e1fico audaz de los monumentos, colores y s\u00edmbolos ic\u00f3nicos de El Salvador, esta camiseta es perfecta para cualquiera que ame su herencia.<\/p>","protected":false},"excerpt":{"rendered":"<p>Show off your Salvadoran pride with this exclusive El Salvador-inspired t-shirt, designed for comfort and style. Featuring a bold graphic of El Salvador\u2019s iconic landmarks, colors, and symbols, this shirt is perfect for anyone who loves their heritage.<\/p>","protected":false},"featured_media":575,"comment_status":"open","ping_status":"closed","template":"","meta":[],"product_brand":[],"product_cat":[72],"product_tag":[],"class_list":{"0":"post-358","1":"product","2":"type-product","3":"status-publish","4":"has-post-thumbnail","6":"product_cat-tshirtsublimation","8":"first","9":"instock","10":"taxable","11":"shipping-taxable","12":"purchasable","13":"product-type-variable","14":"has-default-attributes"},"aioseo_notices":[],"jetpack_sharing_enabled":true,"_links":{"self":[{"href":"https:\/\/akdesignstore.com\/es\/wp-json\/wp\/v2\/product\/358","targetHints":{"allow":["GET"]}}],"collection":[{"href":"https:\/\/akdesignstore.com\/es\/wp-json\/wp\/v2\/product"}],"about":[{"href":"https:\/\/akdesignstore.com\/es\/wp-json\/wp\/v2\/types\/product"}],"replies":[{"embeddable":true,"href":"https:\/\/akdesignstore.com\/es\/wp-json\/wp\/v2\/comments?post=358"}],"wp:featuredmedia":[{"embeddable":true,"href":"https:\/\/akdesignstore.com\/es\/wp-json\/wp\/v2\/media\/575"}],"wp:attachment":[{"href":"https:\/\/akdesignstore.com\/es\/wp-json\/wp\/v2\/media?parent=358"}],"wp:term":[{"taxonomy":"product_brand","embeddable":true,"href":"https:\/\/akdesignstore.com\/es\/wp-json\/wp\/v2\/product_brand?post=358"},{"taxonomy":"product_cat","embeddable":true,"href":"https:\/\/akdesignstore.com\/es\/wp-json\/wp\/v2\/product_cat?post=358"},{"taxonomy":"product_tag","embeddable":true,"href":"https:\/\/akdesignstore.com\/es\/wp-json\/wp\/v2\/product_tag?post=358"}],"curies":[{"name":"wp","href":"https:\/\/api.w.org\/{rel}","templated":true}]}}