{"id":161,"date":"2013-08-11T19:06:15","date_gmt":"2013-08-11T19:06:15","guid":{"rendered":"http:\/\/localhost:8888\/test\/?page_id=520"},"modified":"2025-02-05T17:11:14","modified_gmt":"2025-02-05T17:11:14","slug":"about","status":"publish","type":"page","link":"https:\/\/akdesignstore.com\/es\/elements\/pages\/about\/","title":{"rendered":"Acerca"},"content":{"rendered":"<div class=\"banner has-hover has-parallax\" id=\"banner-89893010\">\n          <div class=\"banner-inner fill\">\n        <div class=\"banner-bg fill\" data-parallax=\"-3\" data-parallax-container=\".banner\" data-parallax-background>\n            <img fetchpriority=\"high\" decoding=\"async\" width=\"1020\" height=\"425\" src=\"https:\/\/akdesignstore.com\/wp-content\/uploads\/2025\/02\/banner3-1400x583.png\" class=\"bg attachment-large size-large\" alt=\"\" \/>                        <div class=\"overlay\"><\/div>            \n                    <\/div>\n\t\t\n        <div class=\"banner-layers container\">\n            <div class=\"fill banner-link\"><\/div>            \n\n   <div id=\"text-box-322500189\" class=\"text-box banner-layer x50 md-x50 lg-x50 y80 md-y80 lg-y80 res-text\">\n                                <div class=\"text-box-content text dark\">\n              \n              <div class=\"text-inner text-center\">\n                  \n\n<h1 class=\"lead\">Sobre Nosotros<\/h1>\n<p class=\"lead\">Bienvenidos a A &amp; K Design and Creations, una orgullosa empresa familiar dedicada a dar vida a productos de alta calidad y dise\u00f1ados a la medida. Lo que comenz\u00f3 como un peque\u00f1o proyecto apasionante se ha convertido en un negocio pr\u00f3spero, donde creamos sublimaci\u00f3n de camisetas, tazas y m\u00e1s, impregnados de cultura, creatividad y expresi\u00f3n personal.<\/p>\n\n              <\/div>\n           <\/div>\n                            \n<style>\n#text-box-322500189 {\n  width: 60%;\n}\n#text-box-322500189 .text-box-content {\n  font-size: 100%;\n}\n<\/style>\n    <\/div>\n \n\n        <\/div>\n      <\/div>\n\n            \n<style>\n#banner-89893010 {\n  padding-top: 507px;\n}\n#banner-89893010 .overlay {\n  background-color: rgba(0, 0, 0, 0.49);\n}\n<\/style>\n  <\/div>\n\n\n<div class=\"row\"  id=\"row-1604541777\">\n\n\n\t<div id=\"col-750923596\" class=\"col small-12 large-12\"  >\n\t\t\t\t<div class=\"col-inner\"  >\n\t\t\t\n\t\t\t\n\n<p class=\"lead text-center\"><strong> <\/strong> Como empresa familiar, creemos en el poder del arte, el patrimonio y la artesan\u00eda. Cada dise\u00f1o que creamos est\u00e1 hecho con amor y atenci\u00f3n al detalle, asegurando que usted reciba no solo un producto, sino una parte de nuestra historia. Desde nuestro taller hasta sus manos, nos enorgullecemos de ofrecer impresiones por sublimaci\u00f3n de alta calidad que son atrevidas, vibrantes y dise\u00f1adas para durar.<\/p>\n<p>Ya sea que est\u00e9 buscando mostrar sus ra\u00edces, hacer una declaraci\u00f3n de moda o encontrar el regalo personalizado perfecto, estamos aqu\u00ed para ayudarlo. Gracias por apoyar nuestra peque\u00f1a empresa familiar. Cuando compras con nosotros, \u00a1te conviertes en parte de nuestra historia!<\/p>\n<p>\ud83d\udccd Con sede en Nueva Jersey | \u2764\ufe0f Hecho con Pasi\u00f3n | \ud83d\udecd\ufe0f Compra ahora y viste tu historia.<\/p>\n<div class=\"text-center\"><div class=\"is-divider divider clearfix\" ><\/div><\/div>\n\n\n\t\t<\/div>\n\t\t\t\t\t<\/div>\n\n\t\n\n<\/div>","protected":false},"excerpt":{"rendered":"","protected":false},"author":1,"featured_media":87,"parent":122,"menu_order":0,"comment_status":"closed","ping_status":"closed","template":"page-transparent-header-light.php","meta":{"footnotes":""},"class_list":["post-161","page","type-page","status-publish","has-post-thumbnail","hentry"],"aioseo_notices":[],"jetpack_sharing_enabled":true,"_links":{"self":[{"href":"https:\/\/akdesignstore.com\/es\/wp-json\/wp\/v2\/pages\/161","targetHints":{"allow":["GET"]}}],"collection":[{"href":"https:\/\/akdesignstore.com\/es\/wp-json\/wp\/v2\/pages"}],"about":[{"href":"https:\/\/akdesignstore.com\/es\/wp-json\/wp\/v2\/types\/page"}],"author":[{"embeddable":true,"href":"https:\/\/akdesignstore.com\/es\/wp-json\/wp\/v2\/users\/1"}],"replies":[{"embeddable":true,"href":"https:\/\/akdesignstore.com\/es\/wp-json\/wp\/v2\/comments?post=161"}],"version-history":[{"count":9,"href":"https:\/\/akdesignstore.com\/es\/wp-json\/wp\/v2\/pages\/161\/revisions"}],"predecessor-version":[{"id":408,"href":"https:\/\/akdesignstore.com\/es\/wp-json\/wp\/v2\/pages\/161\/revisions\/408"}],"up":[{"embeddable":true,"href":"https:\/\/akdesignstore.com\/es\/wp-json\/wp\/v2\/pages\/122"}],"wp:featuredmedia":[{"embeddable":true,"href":"https:\/\/akdesignstore.com\/es\/wp-json\/wp\/v2\/media\/87"}],"wp:attachment":[{"href":"https:\/\/akdesignstore.com\/es\/wp-json\/wp\/v2\/media?parent=161"}],"curies":[{"name":"wp","href":"https:\/\/api.w.org\/{rel}","templated":true}]}}